{"id":739,"date":"2024-08-05T11:36:20","date_gmt":"2024-08-05T09:36:20","guid":{"rendered":"https:\/\/airambricolaje.com\/representacion-comercial\/"},"modified":"2024-08-08T14:05:50","modified_gmt":"2024-08-08T12:05:50","slug":"representation-commerciale","status":"publish","type":"page","link":"https:\/\/airambricolaje.com\/fr\/representation-commerciale\/","title":{"rendered":"Representation commerciale"},"content":{"rendered":"<div class=\"block-wrapper block-wrapper-cfb corporate block-wrapper-header background-as-attr bg-norepeat\" data-image-src=\"https:\/\/airambricolaje.com\/wp-content\/uploads\/2024\/07\/almacen-representacion-comercial.jpg\"><div class=\"container\"><div class=\"block-in-wrapper\"><h1 class=\"block-title\">Agents commerciaux &#8211; Votre structure commerciale en Espagne<\/h1><div class=\"block-description\"><p>Nous introduisons, promouvons et g\u00e9rons vos produits de bricolage et de quincaillerie dans les principales grandes surfaces d&rsquo;Espagne<\/p>\n<\/div><div class=\"block-cta-wrapper\"><a class=\"btn btn-primary\" href=\"\/fr\/nous-connaitre\/\" title=\"Contactez-nous\">Contactez-nous<\/a><\/div><\/div><\/div><\/div>\n\n<section class=\"block-wrapper block-wrapper-cfb corporate block-wrapper-quote block-wrapper-cta-layout-inline block-wrapper-cta-justify-around\"><div class=\"container\"><div class=\"block-in-wrapper\"><div class=\"quote-wrapper\"><h2 class=\"block-title\">Repr\u00e9sentation Commerciale dans le secteur du bricolage<\/h2><\/div><\/div><\/div><\/section>\n\n<section class=\"block-wrapper block-wrapper-cfb corporate block-wrapper-image-content no-bg image-left shadow-left\" data-image-src=\"\"><div class=\"container\"><div class=\"block-in-wrapper\"><div class=\"row justify-content-center g-0\"><div class=\"block-text-wrapper col-lg-6 col-md-12\"><h3 class=\"block-title\">Stimulez vos ventes sur le march\u00e9 espagnol<\/h3><div class=\"block-description\"><p>Nous facilitons l&rsquo;entr\u00e9e de vos produits sur le march\u00e9 comp\u00e9titif espagnol du bricolage.<\/p>\n<p>Gr\u00e2ce \u00e0 notre r\u00e9seau de contacts et \u00e0 notre connaissance approfondie du secteur, nous garantissons que vos produits atteignent les points de vente les plus importants.<\/p>\n<\/div><\/div><div class=\"block-image-wrapper col-lg-6 col-md-12\"><img decoding=\"async\" src=\"https:\/\/airambricolaje.com\/wp-content\/uploads\/2024\/07\/representacion-comercial-manos-estrechas.jpg\" alt=\"Manos estrech\u00e1ndose indicando un trato comercial\" class=\"img-fluid\" ><\/div><\/div><\/div><\/div><\/section>\n\n<section class=\"block-wrapper block-wrapper-cfb corporate block-wrapper-values two-columns\"><div class=\"container\"><div class=\"block-in-wrapper\"><div class=\"row\"><div class=\"col-12 col-lg-6 col-md-12\"><div class=\"value-item\"><div class=\"block-image-wrapper\"><img decoding=\"async\" src=\"https:\/\/airambricolaje.com\/wp-content\/uploads\/2024\/08\/reunion.png\" alt=\"Grupo de tres personas reunidas en una mesa\" class=\"img-fluid\" ><\/div><div class=\"block-text-wrapper\"><div class=\"block-description\"><p><strong>Nous facilitons les r\u00e9unions et l&rsquo;acc\u00e8s<\/strong> aux principales centrales d&rsquo;achat pour introduire vos produits avec succ\u00e8s<\/p>\n<\/div><\/div><\/div><\/div><div class=\"col-12 col-lg-6 col-md-12\"><div class=\"value-item\"><div class=\"block-image-wrapper\"><img decoding=\"async\" src=\"https:\/\/airambricolaje.com\/wp-content\/uploads\/2024\/08\/negociacion.png\" alt=\"Dos manos estrech\u00e1ndose y dos bocadillos de texto superpuestos\" class=\"img-fluid\" ><\/div><div class=\"block-text-wrapper\"><div class=\"block-description\"><p><strong>Nous vous soutenons dans la n\u00e9gociation<\/strong> et la contractualisation pour assurer l&rsquo;entr\u00e9e r\u00e9ussie de votre produit<\/p>\n<\/div><\/div><\/div><\/div><\/div><\/div><\/div><\/section>\n\n<section class=\"block-wrapper block-wrapper-cfb corporate block-wrapper-quote block-wrapper-cta-layout-inline block-wrapper-cta-justify-around\"><div class=\"container\"><div class=\"block-in-wrapper\"><div class=\"quote-wrapper\"><h2 class=\"block-title\">Gestion commerciale des points de vente dans les cha\u00eenes de bricolage<\/h2><\/div><\/div><\/div><\/section>\n\n<section class=\"block-wrapper block-wrapper-cfb corporate block-wrapper-image-content no-bg image-left shadow-right\" data-image-src=\"\"><div class=\"container\"><div class=\"block-in-wrapper\"><div class=\"row justify-content-center g-0\"><div class=\"block-text-wrapper col-lg-6 col-md-12\"><h3 class=\"block-title\">Optimiser l&rsquo;espace pour vos produits de bricolage et de quincaillerie dans les points de vente<\/h3><div class=\"block-description\"><p>Nous nous occupons de la gestion int\u00e9grale de vos produits dans les points de vente.<\/p>\n<p>Notre exp\u00e9rience et notre r\u00e9seau de contacts nous permettent de g\u00e9rer efficacement la pr\u00e9sence de vos produits, en adaptant les strat\u00e9gies selon les besoins pour maximiser les ventes.<\/p>\n<\/div><\/div><div class=\"block-image-wrapper col-lg-6 col-md-12\"><img decoding=\"async\" src=\"https:\/\/airambricolaje.com\/wp-content\/uploads\/2024\/07\/puntos-venta-almacen.jpg\" alt=\"Almac\u00e9n de material\" class=\"img-fluid\" ><\/div><\/div><\/div><\/div><\/section>\n\n<section class=\"block-wrapper block-wrapper-cfb corporate block-wrapper-values\"><div class=\"container\"><div class=\"block-in-wrapper\"><div class=\"row\"><div class=\"col-12 col-lg-3 col-md-12\"><div class=\"value-item\"><div class=\"block-image-wrapper\"><img decoding=\"async\" src=\"https:\/\/airambricolaje.com\/wp-content\/uploads\/2024\/08\/uso-espacio.png\" alt=\"Dos reglas midiendo una rejilla en noventa grados\" class=\"img-fluid\" ><\/div><div class=\"block-text-wrapper\"><div class=\"block-description\"><p><strong>Maximiser l&rsquo;utilisation de l&rsquo;espace<\/strong> pour placer vos produits dans des endroits strat\u00e9giques, augmentant leur visibilit\u00e9<\/p>\n<\/div><\/div><\/div><\/div><div class=\"col-12 col-lg-3 col-md-12\"><div class=\"value-item\"><div class=\"block-image-wrapper\"><img decoding=\"async\" src=\"https:\/\/airambricolaje.com\/wp-content\/uploads\/2024\/08\/supervision.png\" alt=\"Lupa con un ojo centrado y diversos elementos gr\u00e1ficos alrededor\" class=\"img-fluid\" ><\/div><div class=\"block-text-wrapper\"><div class=\"block-description\"><p><strong>Contr\u00f4ler les rayons<\/strong> en \u00e9valuant en permanence les r\u00e9sultats des ventes et les niveaux de stocks<\/p>\n<\/div><\/div><\/div><\/div><div class=\"col-12 col-lg-3 col-md-12\"><div class=\"value-item\"><div class=\"block-image-wrapper\"><img decoding=\"async\" src=\"https:\/\/airambricolaje.com\/wp-content\/uploads\/2024\/08\/promocion.png\" alt=\"Meg\u00e1fono\" class=\"img-fluid\" ><\/div><div class=\"block-text-wrapper\"><div class=\"block-description\"><p><strong>Promotion de vos produits<\/strong> dans les grands supermarch\u00e9s, ce qui leur conf\u00e8re une visibilit\u00e9 et un attrait accrus pour les consommateurs<\/p>\n<\/div><\/div><\/div><\/div><div class=\"col-12 col-lg-3 col-md-12\"><div class=\"value-item\"><div class=\"block-image-wrapper\"><img decoding=\"async\" src=\"https:\/\/airambricolaje.com\/wp-content\/uploads\/2024\/08\/formacion.png\" alt=\"Instructor se\u00f1alando una pizarra frente a dos personas\" class=\"img-fluid\" ><\/div><div class=\"block-text-wrapper\"><div class=\"block-description\"><p><strong>Formation sp\u00e9cialis\u00e9e<\/strong> du personnel des magasins de bricolage, garantissant une promotion efficace de vos produits.<\/p>\n<\/div><\/div><\/div><\/div><\/div><\/div><\/div><\/section>\n\n<section class=\"block-wrapper block-wrapper-cfb corporate block-wrapper-common-block-selector background-as-attr block-wrapper-clients\" data-image-src=\"https:\/\/airambricolaje.com\/wp-content\/uploads\/2024\/07\/vender-productos.jpg\"><div class=\"container\"><div class=\"block-in-wrapper\"><h2 class=\"block-title text-center text-md-center text-lg-center\">Voulez-vous introduire ou promouvoir vos produits de bricolage en Espagne?<\/h2><div class=\"row\"><div class=\"col-6 col-lg-3 col-md-6 col-sm-6 block-company\"><div class=\"block-image-wrapper\"><img decoding=\"async\" src=\"https:\/\/airambricolaje.com\/wp-content\/uploads\/2024\/08\/logo-leroy-merlin-cuadrado.png\" alt=\"Logo Leroy Merl\u00edn\" class=\"img-fluid\" ><\/div><h3 class=\"block-title\">Leroy Merl\u00edn<\/h3><\/div><div class=\"col-6 col-lg-3 col-md-6 col-sm-6 block-company\"><div class=\"block-image-wrapper\"><img decoding=\"async\" src=\"https:\/\/airambricolaje.com\/wp-content\/uploads\/2024\/08\/logo-brico-depot-cuadrado.png\" alt=\"Logo Bricodepot\" class=\"img-fluid\" ><\/div><h3 class=\"block-title\">Bricodepot<\/h3><\/div><div class=\"col-6 col-lg-3 col-md-6 col-sm-6 block-company\"><div class=\"block-image-wrapper\"><img decoding=\"async\" src=\"https:\/\/airambricolaje.com\/wp-content\/uploads\/2024\/08\/logo-bauhaus-cuadrado.png\" alt=\"Logo Bauhaus\" class=\"img-fluid\" ><\/div><h3 class=\"block-title\">Bauhaus<\/h3><\/div><div class=\"col-6 col-lg-3 col-md-6 col-sm-6 block-company\"><div class=\"block-image-wrapper\"><img decoding=\"async\" src=\"https:\/\/airambricolaje.com\/wp-content\/uploads\/2024\/08\/logo-obramat-cuadrado.png\" alt=\"Logo Obramat\" class=\"img-fluid\" ><\/div><h3 class=\"block-title\">Obramat<\/h3><\/div><\/div><div class=\"block-cta-wrapper text-center text-md-center text-lg-center\"><a class=\"btn btn-primary\" href=\"\/fr\/nous-connaitre\/\" title=\"Parlons maintenant\">Parlons maintenant<\/a><\/div><\/div><\/div><\/section>\n\n<section class=\"block-wrapper block-wrapper-cfb corporate block-wrapper-projects\"><div class=\"container\"><div class=\"block-in-wrapper\"><h2 class=\"block-title text-lg-center\">Comment nous introduisons commercialement vos produits de bricolage en Espagne<\/h2><div class=\"row\"><div class=\"col-lg-6 order-1 order-lg-0 order-md-1\"><div class=\"block-slider-wrapper\"><div class=\"item\"><div class=\"image-wrapper\"><a href=\"https:\/\/airambricolaje.com\/wp-content\/uploads\/2024\/08\/campana-verano-mosquiteras-Schellenberg-05.jpg\" title=\"Campa\u00f1a de verano mosquiteras Schellenberg\" data-lightbox=\"69fc9b2edcc51\"><img decoding=\"async\" src=\"https:\/\/airambricolaje.com\/wp-content\/uploads\/2024\/08\/campana-verano-mosquiteras-Schellenberg-05.jpg\" alt=\"Campa\u00f1a de verano mosquiteras Schellenberg\" class=\"img-fluid\" ><\/a><\/div><\/div><div class=\"item\"><div class=\"image-wrapper\"><a href=\"https:\/\/airambricolaje.com\/wp-content\/uploads\/2024\/08\/campana-verano-mosquiteras-Schellenberg-06.jpg\" title=\"Campa\u00f1a de verano mosquiteras Schellenberg\" data-lightbox=\"69fc9b2edcc51\"><img decoding=\"async\" src=\"https:\/\/airambricolaje.com\/wp-content\/uploads\/2024\/08\/campana-verano-mosquiteras-Schellenberg-06.jpg\" alt=\"Campa\u00f1a de verano mosquiteras Schellenberg\" class=\"img-fluid\" ><\/a><\/div><\/div><div class=\"item\"><div class=\"image-wrapper\"><a href=\"https:\/\/airambricolaje.com\/wp-content\/uploads\/2024\/08\/campana-verano-mosquiteras-Schellenberg-07.jpg\" title=\"Campa\u00f1a de verano mosquiteras Schellenberg\" data-lightbox=\"69fc9b2edcc51\"><img decoding=\"async\" src=\"https:\/\/airambricolaje.com\/wp-content\/uploads\/2024\/08\/campana-verano-mosquiteras-Schellenberg-07.jpg\" alt=\"Campa\u00f1a de verano mosquiteras Schellenberg\" class=\"img-fluid\" ><\/a><\/div><\/div><div class=\"item\"><div class=\"image-wrapper\"><a href=\"https:\/\/airambricolaje.com\/wp-content\/uploads\/2024\/08\/campana-verano-mosquiteras-Schellenberg-01.jpg\" title=\"Campa\u00f1a de verano mosquiteras Schellenberg\" data-lightbox=\"69fc9b2edcc51\"><img decoding=\"async\" src=\"https:\/\/airambricolaje.com\/wp-content\/uploads\/2024\/08\/campana-verano-mosquiteras-Schellenberg-01.jpg\" alt=\"Campa\u00f1a de verano mosquiteras Schellenberg\" class=\"img-fluid\" ><\/a><\/div><\/div><div class=\"item\"><div class=\"image-wrapper\"><a href=\"https:\/\/airambricolaje.com\/wp-content\/uploads\/2024\/08\/campana-verano-mosquiteras-Schellenberg-02.jpg\" title=\"Campa\u00f1a de verano mosquiteras Schellenberg\" data-lightbox=\"69fc9b2edcc51\"><img decoding=\"async\" src=\"https:\/\/airambricolaje.com\/wp-content\/uploads\/2024\/08\/campana-verano-mosquiteras-Schellenberg-02.jpg\" alt=\"Campa\u00f1a de verano mosquiteras Schellenberg\" class=\"img-fluid\" ><\/a><\/div><\/div><div class=\"item\"><div class=\"image-wrapper\"><a href=\"https:\/\/airambricolaje.com\/wp-content\/uploads\/2024\/08\/campana-verano-mosquiteras-Schellenberg-03.jpg\" title=\"Campa\u00f1a de verano mosquiteras Schellenberg\" data-lightbox=\"69fc9b2edcc51\"><img decoding=\"async\" src=\"https:\/\/airambricolaje.com\/wp-content\/uploads\/2024\/08\/campana-verano-mosquiteras-Schellenberg-03.jpg\" alt=\"Campa\u00f1a de verano mosquiteras Schellenberg\" class=\"img-fluid\" ><\/a><\/div><\/div><div class=\"item\"><div class=\"image-wrapper\"><a href=\"https:\/\/airambricolaje.com\/wp-content\/uploads\/2024\/08\/campana-verano-mosquiteras-Schellenberg-04.jpg\" title=\"Campa\u00f1a de verano mosquiteras Schellenberg\" data-lightbox=\"69fc9b2edcc51\"><img decoding=\"async\" src=\"https:\/\/airambricolaje.com\/wp-content\/uploads\/2024\/08\/campana-verano-mosquiteras-Schellenberg-04.jpg\" alt=\"Campa\u00f1a de verano mosquiteras Schellenberg\" class=\"img-fluid\" ><\/a><\/div><\/div><\/div><\/div><div class=\"col-lg-6 order-0 order-lg-1 order-md-0\"><div class=\"block-text-wrapper\"><div class=\"block-description\"><p>Campagne moustiquaire d&rsquo;\u00e9t\u00e9 de la marque Schellenberg chez Bauhaus et Leroy Merlin<\/p>\n<\/div><img decoding=\"async\" src=\"https:\/\/airambricolaje.com\/wp-content\/uploads\/2024\/08\/logo-schellenberg-1.png\" alt=\"Logo Schellenberg\" class=\"img-fluid\" ><\/div><\/div><\/div><div class=\"block-cta-wrapper text-center\"><a href=\"\/fr\/projets\/\" class=\"btn btn-secondary\" title=\"Voir tous les projets\">Voir tous les projets<\/a><\/div><\/div><\/div><\/section>","protected":false},"excerpt":{"rendered":"","protected":false},"author":2,"featured_media":0,"parent":0,"menu_order":0,"comment_status":"closed","ping_status":"closed","template":"","meta":{"_acf_changed":false,"_uag_custom_page_level_css":"","_genesis_hide_title":true,"_genesis_hide_breadcrumbs":false,"_genesis_hide_singular_image":false,"_genesis_hide_footer_widgets":false,"_genesis_custom_body_class":"","_genesis_custom_post_class":"","_genesis_layout":"","footnotes":""},"class_list":{"0":"post-739","1":"page","2":"type-page","3":"status-publish","5":"entry"},"acf":[],"uagb_featured_image_src":{"full":false,"thumbnail":false,"medium":false,"medium_large":false,"large":false,"1536x1536":false,"2048x2048":false,"gur_featured_image":false,"gur_blog_thumbnail":false,"gur_proyectos_thumbnail":false},"uagb_author_info":{"display_name":"Carlos Incaelum","author_link":"https:\/\/airambricolaje.com\/fr\/author\/cvaliente\/"},"uagb_comment_info":0,"uagb_excerpt":null,"_links":{"self":[{"href":"https:\/\/airambricolaje.com\/fr\/wp-json\/wp\/v2\/pages\/739","targetHints":{"allow":["GET"]}}],"collection":[{"href":"https:\/\/airambricolaje.com\/fr\/wp-json\/wp\/v2\/pages"}],"about":[{"href":"https:\/\/airambricolaje.com\/fr\/wp-json\/wp\/v2\/types\/page"}],"author":[{"embeddable":true,"href":"https:\/\/airambricolaje.com\/fr\/wp-json\/wp\/v2\/users\/2"}],"replies":[{"embeddable":true,"href":"https:\/\/airambricolaje.com\/fr\/wp-json\/wp\/v2\/comments?post=739"}],"version-history":[{"count":10,"href":"https:\/\/airambricolaje.com\/fr\/wp-json\/wp\/v2\/pages\/739\/revisions"}],"predecessor-version":[{"id":973,"href":"https:\/\/airambricolaje.com\/fr\/wp-json\/wp\/v2\/pages\/739\/revisions\/973"}],"wp:attachment":[{"href":"https:\/\/airambricolaje.com\/fr\/wp-json\/wp\/v2\/media?parent=739"}],"curies":[{"name":"wp","href":"https:\/\/api.w.org\/{rel}","templated":true}]}}