{"id":760,"date":"2024-07-23T17:55:29","date_gmt":"2024-07-23T15:55:29","guid":{"rendered":"https:\/\/airambricolaje.com\/distribuidores-bricolaje\/"},"modified":"2024-08-08T15:51:00","modified_gmt":"2024-08-08T13:51:00","slug":"distributeurs-bricolage","status":"publish","type":"page","link":"https:\/\/airambricolaje.com\/fr\/distributeurs-bricolage\/","title":{"rendered":"Distributeurs bricolage"},"content":{"rendered":"<div class=\"block-wrapper block-wrapper-cfb corporate block-wrapper-header no-image bg-norepeat\" data-image-src=\"\"><div class=\"container\"><div class=\"block-in-wrapper\"><h1 class=\"block-title\">Gestion commerciale dans les grandes surfaces de bricolage<\/h1><div class=\"block-description\"><p>Nous travaillons avec les plus grandes cha\u00eenes de distribution, en veillant \u00e0 ce que vos produits soient bien repr\u00e9sent\u00e9s et accessibles aux consommateurs dans tout le pays.<\/p>\n<p>Nous garantissons que vos produits atteignent les points de vente les plus importants et obtiennent la visibilit\u00e9 qu&rsquo;ils m\u00e9ritent<\/p>\n<\/div><\/div><\/div><\/div>\n\n<section class=\"block-wrapper block-wrapper-cfb corporate block-wrapper-distributor\"><div class=\"container\"><div class=\"block-in-wrapper\"><div class=\"row\"><div class=\"col-12 col-lg-6 col-md-12\"><div class=\"block-text-wrapper\"><img decoding=\"async\" src=\"https:\/\/airambricolaje.com\/wp-content\/uploads\/2024\/08\/logo-leroy-merlin-cuadrado.png\" alt=\"Logo Leroy Merl\u00edn\" class=\"img-fluid\" ><h2 class=\"block-title\">Leroy Merl\u00edn<\/h2><div class=\"block-description\"><ul>\n<li>Il compte plus de 100 magasins dans toute l&rsquo;Espagne.<\/li>\n<li>Sp\u00e9cialisation dans les produits de bricolage, de construction, de d\u00e9coration, de jardinage et de r\u00e9novation de la maison.<\/li>\n<li>Fort accent sur le service \u00e0 la client\u00e8le.<\/li>\n<li>Marque bien \u00e9tablie et fiable sur le march\u00e9 espagnol.<\/li>\n<\/ul>\n<\/div><\/div><\/div><div class=\"col-12 col-lg-6 col-md-12\"><div class=\"block-image-wrapper\"><img decoding=\"async\" src=\"https:\/\/airambricolaje.com\/wp-content\/uploads\/2024\/08\/mapa-leroymerlin.jpg\" alt=\"Mapa distribuidoras Leroy Merl\u00edn\" class=\"img-fluid\" ><\/div><\/div><\/div><\/div><\/div><\/section>\n\n<section class=\"block-wrapper block-wrapper-cfb corporate block-wrapper-distributor\"><div class=\"container\"><div class=\"block-in-wrapper\"><div class=\"row\"><div class=\"col-12 col-lg-6 col-md-12\"><div class=\"block-text-wrapper\"><img decoding=\"async\" src=\"https:\/\/airambricolaje.com\/wp-content\/uploads\/2024\/08\/logo-brico-depot-cuadrado.png\" alt=\"Logo Bricodepot\" class=\"img-fluid\" ><h2 class=\"block-title\">Bricodepot<\/h2><div class=\"block-description\"><ul>\n<li>Il compte plus de 30 magasins en Espagne.<\/li>\n<li>Il se sp\u00e9cialise dans les produits de construction, de r\u00e9novation, de bricolage et de jardinage.<\/li>\n<li>Le format d&rsquo;entrep\u00f4t permet un achat rapide et efficace.<\/li>\n<li>Il est connu pour offrir des produits de haute qualit\u00e9 \u00e0 des prix comp\u00e9titifs.<\/li>\n<\/ul>\n<\/div><\/div><\/div><div class=\"col-12 col-lg-6 col-md-12\"><div class=\"block-image-wrapper\"><img decoding=\"async\" src=\"https:\/\/airambricolaje.com\/wp-content\/uploads\/2024\/08\/mapa-bricodepot.jpg\" alt=\"Mapa distribuidoras Bricodepot\" class=\"img-fluid\" ><\/div><\/div><\/div><\/div><\/div><\/section>\n\n<section class=\"block-wrapper block-wrapper-cfb corporate block-wrapper-distributor\"><div class=\"container\"><div class=\"block-in-wrapper\"><div class=\"row\"><div class=\"col-12 col-lg-6 col-md-12\"><div class=\"block-text-wrapper\"><img decoding=\"async\" src=\"https:\/\/airambricolaje.com\/wp-content\/uploads\/2024\/08\/logo-bauhaus-cuadrado.png\" alt=\"Logo Bauhaus\" class=\"img-fluid\" ><h2 class=\"block-title\">Bauhaus<\/h2><div class=\"block-description\"><ul>\n<li>Il compte plus de 10 magasins, principalement situ\u00e9s dans les grandes villes et les zones m\u00e9tropolitaines.<\/li>\n<li>Il se sp\u00e9cialise dans une large gamme de produits de bricolage, de construction, pour la maison et le jardin.<\/li>\n<li>Les magasins sont con\u00e7us comme des centres de service complet.<\/li>\n<li>Il est connu pour son engagement envers la qualit\u00e9 et le service \u00e0 la client\u00e8le.<\/li>\n<\/ul>\n<\/div><\/div><\/div><div class=\"col-12 col-lg-6 col-md-12\"><div class=\"block-image-wrapper\"><img decoding=\"async\" src=\"https:\/\/airambricolaje.com\/wp-content\/uploads\/2024\/08\/mapa-bauhaus.jpg\" alt=\"Mapa distribuidoras Bauhaus\" class=\"img-fluid\" ><\/div><\/div><\/div><\/div><\/div><\/section>\n\n<section class=\"block-wrapper block-wrapper-cfb corporate block-wrapper-distributor\"><div class=\"container\"><div class=\"block-in-wrapper\"><div class=\"row\"><div class=\"col-12 col-lg-6 col-md-12\"><div class=\"block-text-wrapper\"><img decoding=\"async\" src=\"https:\/\/airambricolaje.com\/wp-content\/uploads\/2024\/08\/logo-obramat-cuadrado.png\" alt=\"Logo Obramat\" class=\"img-fluid\" ><h2 class=\"block-title\">Obramat (Bricomart)<\/h2><div class=\"block-description\"><ul>\n<li>Il compte plus de 20 magasins en Espagne.<\/li>\n<li>Il est hautement sp\u00e9cialis\u00e9 dans les produits de construction, de r\u00e9novation et de bricolage.<\/li>\n<li>Il adopte un format d&rsquo;entrep\u00f4t qui permet aux clients de faire leurs achats rapidement et efficacement.<\/li>\n<li>Il est connu pour ses prix comp\u00e9titifs et son accent sur la qualit\u00e9.<\/li>\n<\/ul>\n<\/div><\/div><\/div><div class=\"col-12 col-lg-6 col-md-12\"><div class=\"block-image-wrapper\"><img decoding=\"async\" src=\"https:\/\/airambricolaje.com\/wp-content\/uploads\/2024\/08\/mapa-obramat.jpg\" alt=\"Mapa distribuidoras Obramat\" class=\"img-fluid\" ><\/div><\/div><\/div><\/div><\/div><\/section>\n\n<section class=\"block-wrapper block-wrapper-cfb corporate block-wrapper-banner background-as-attr bg-norepeat\" data-image-src=\"https:\/\/airambricolaje.com\/wp-content\/uploads\/2024\/07\/vender-productos.jpg\"><div class=\"container\"><div class=\"block-in-wrapper\"><h2 class=\"block-title\">Voulez-vous positionner vos produits dans les principaux magasins de bricolage en Espagne?<\/h2><div class=\"block-cta-wrapper\"><a class=\"btn btn-primary\" href=\"\/fr\/nous-connaitre\/\" title=\"Faites passer votre entreprise au niveau sup\u00e9rieur\">Faites passer votre entreprise au niveau sup\u00e9rieur<\/a><\/div><\/div><\/div><\/section>\n\n<section class=\"block-wrapper block-wrapper-cfb corporate block-wrapper-projects\"><div class=\"container\"><div class=\"block-in-wrapper\"><h2 class=\"block-title text-lg-center\">Comment nous mettons en \u0153uvre vos produits de bricolage dans les points de vente<\/h2><div class=\"row\"><div class=\"col-lg-6 order-1 order-lg-0 order-md-1\"><div class=\"block-slider-wrapper\"><div class=\"item\"><div class=\"image-wrapper\"><a href=\"https:\/\/airambricolaje.com\/wp-content\/uploads\/2024\/08\/campana-verano-mosquiteras-Schellenberg-05.jpg\" title=\"Campa\u00f1a de verano mosquiteras Schellenberg\" data-lightbox=\"69fc9af9327a8\"><img decoding=\"async\" src=\"https:\/\/airambricolaje.com\/wp-content\/uploads\/2024\/08\/campana-verano-mosquiteras-Schellenberg-05.jpg\" alt=\"Campa\u00f1a de verano mosquiteras Schellenberg\" class=\"img-fluid\" ><\/a><\/div><\/div><div class=\"item\"><div class=\"image-wrapper\"><a href=\"https:\/\/airambricolaje.com\/wp-content\/uploads\/2024\/08\/campana-verano-mosquiteras-Schellenberg-06.jpg\" title=\"Campa\u00f1a de verano mosquiteras Schellenberg\" data-lightbox=\"69fc9af9327a8\"><img decoding=\"async\" src=\"https:\/\/airambricolaje.com\/wp-content\/uploads\/2024\/08\/campana-verano-mosquiteras-Schellenberg-06.jpg\" alt=\"Campa\u00f1a de verano mosquiteras Schellenberg\" class=\"img-fluid\" ><\/a><\/div><\/div><div class=\"item\"><div class=\"image-wrapper\"><a href=\"https:\/\/airambricolaje.com\/wp-content\/uploads\/2024\/08\/campana-verano-mosquiteras-Schellenberg-07.jpg\" title=\"Campa\u00f1a de verano mosquiteras Schellenberg\" data-lightbox=\"69fc9af9327a8\"><img decoding=\"async\" src=\"https:\/\/airambricolaje.com\/wp-content\/uploads\/2024\/08\/campana-verano-mosquiteras-Schellenberg-07.jpg\" alt=\"Campa\u00f1a de verano mosquiteras Schellenberg\" class=\"img-fluid\" ><\/a><\/div><\/div><div class=\"item\"><div class=\"image-wrapper\"><a href=\"https:\/\/airambricolaje.com\/wp-content\/uploads\/2024\/08\/campana-verano-mosquiteras-Schellenberg-01.jpg\" title=\"Campa\u00f1a de verano mosquiteras Schellenberg\" data-lightbox=\"69fc9af9327a8\"><img decoding=\"async\" src=\"https:\/\/airambricolaje.com\/wp-content\/uploads\/2024\/08\/campana-verano-mosquiteras-Schellenberg-01.jpg\" alt=\"Campa\u00f1a de verano mosquiteras Schellenberg\" class=\"img-fluid\" ><\/a><\/div><\/div><div class=\"item\"><div class=\"image-wrapper\"><a href=\"https:\/\/airambricolaje.com\/wp-content\/uploads\/2024\/08\/campana-verano-mosquiteras-Schellenberg-02.jpg\" title=\"Campa\u00f1a de verano mosquiteras Schellenberg\" data-lightbox=\"69fc9af9327a8\"><img decoding=\"async\" src=\"https:\/\/airambricolaje.com\/wp-content\/uploads\/2024\/08\/campana-verano-mosquiteras-Schellenberg-02.jpg\" alt=\"Campa\u00f1a de verano mosquiteras Schellenberg\" class=\"img-fluid\" ><\/a><\/div><\/div><div class=\"item\"><div class=\"image-wrapper\"><a href=\"https:\/\/airambricolaje.com\/wp-content\/uploads\/2024\/08\/campana-verano-mosquiteras-Schellenberg-03.jpg\" title=\"Campa\u00f1a de verano mosquiteras Schellenberg\" data-lightbox=\"69fc9af9327a8\"><img decoding=\"async\" src=\"https:\/\/airambricolaje.com\/wp-content\/uploads\/2024\/08\/campana-verano-mosquiteras-Schellenberg-03.jpg\" alt=\"Campa\u00f1a de verano mosquiteras Schellenberg\" class=\"img-fluid\" ><\/a><\/div><\/div><div class=\"item\"><div class=\"image-wrapper\"><a href=\"https:\/\/airambricolaje.com\/wp-content\/uploads\/2024\/08\/campana-verano-mosquiteras-Schellenberg-04.jpg\" title=\"Campa\u00f1a de verano mosquiteras Schellenberg\" data-lightbox=\"69fc9af9327a8\"><img decoding=\"async\" src=\"https:\/\/airambricolaje.com\/wp-content\/uploads\/2024\/08\/campana-verano-mosquiteras-Schellenberg-04.jpg\" alt=\"Campa\u00f1a de verano mosquiteras Schellenberg\" class=\"img-fluid\" ><\/a><\/div><\/div><\/div><\/div><div class=\"col-lg-6 order-0 order-lg-1 order-md-0\"><div class=\"block-text-wrapper\"><div class=\"block-description\"><p>Campagne moustiquaire d&rsquo;\u00e9t\u00e9 de la marque Schellenberg chez Bauhaus et Leroy Merlin<\/p>\n<\/div><img decoding=\"async\" src=\"https:\/\/airambricolaje.com\/wp-content\/uploads\/2024\/08\/logo-schellenberg-1.png\" alt=\"Logo Schellenberg\" class=\"img-fluid\" ><\/div><\/div><\/div><div class=\"block-cta-wrapper text-center\"><a href=\"\/fr\/projets\/\" class=\"btn btn-secondary\" title=\"Voir tous les projets\">Voir tous les projets<\/a><\/div><\/div><\/div><\/section>","protected":false},"excerpt":{"rendered":"","protected":false},"author":2,"featured_media":0,"parent":0,"menu_order":0,"comment_status":"closed","ping_status":"closed","template":"","meta":{"_acf_changed":false,"_uag_custom_page_level_css":"","_genesis_hide_title":true,"_genesis_hide_breadcrumbs":false,"_genesis_hide_singular_image":false,"_genesis_hide_footer_widgets":false,"_genesis_custom_body_class":"","_genesis_custom_post_class":"","_genesis_layout":"","footnotes":""},"class_list":{"0":"post-760","1":"page","2":"type-page","3":"status-publish","5":"entry"},"acf":[],"uagb_featured_image_src":{"full":false,"thumbnail":false,"medium":false,"medium_large":false,"large":false,"1536x1536":false,"2048x2048":false,"gur_featured_image":false,"gur_blog_thumbnail":false,"gur_proyectos_thumbnail":false},"uagb_author_info":{"display_name":"Carlos Incaelum","author_link":"https:\/\/airambricolaje.com\/fr\/author\/cvaliente\/"},"uagb_comment_info":0,"uagb_excerpt":null,"_links":{"self":[{"href":"https:\/\/airambricolaje.com\/fr\/wp-json\/wp\/v2\/pages\/760","targetHints":{"allow":["GET"]}}],"collection":[{"href":"https:\/\/airambricolaje.com\/fr\/wp-json\/wp\/v2\/pages"}],"about":[{"href":"https:\/\/airambricolaje.com\/fr\/wp-json\/wp\/v2\/types\/page"}],"author":[{"embeddable":true,"href":"https:\/\/airambricolaje.com\/fr\/wp-json\/wp\/v2\/users\/2"}],"replies":[{"embeddable":true,"href":"https:\/\/airambricolaje.com\/fr\/wp-json\/wp\/v2\/comments?post=760"}],"version-history":[{"count":4,"href":"https:\/\/airambricolaje.com\/fr\/wp-json\/wp\/v2\/pages\/760\/revisions"}],"predecessor-version":[{"id":984,"href":"https:\/\/airambricolaje.com\/fr\/wp-json\/wp\/v2\/pages\/760\/revisions\/984"}],"wp:attachment":[{"href":"https:\/\/airambricolaje.com\/fr\/wp-json\/wp\/v2\/media?parent=760"}],"curies":[{"name":"wp","href":"https:\/\/api.w.org\/{rel}","templated":true}]}}