{"id":778,"date":"2024-08-06T13:14:45","date_gmt":"2024-08-06T11:14:45","guid":{"rendered":"https:\/\/airambricolaje.com\/accesibilidad-aa\/"},"modified":"2024-08-08T15:34:11","modified_gmt":"2024-08-08T13:34:11","slug":"accessibilite-aa","status":"publish","type":"page","link":"https:\/\/airambricolaje.com\/fr\/accessibilite-aa\/","title":{"rendered":"Accessibilite AA"},"content":{"rendered":"\n<div class=\"wp-block-uagb-container uagb-block-16d18bf7 alignfull uagb-is-root-container\"><div class=\"uagb-container-inner-blocks-wrap\">\n<p><strong>Directives d&rsquo;Accessibilit\u00e9 du Web<br><\/strong><\/p>\n\n\n\n<p>Ce site web est conforme aux <strong>Directives pour l&rsquo;Accessibilit\u00e9 du Contenu Web 2.0 (WCAG 2.0)<\/strong><\/p>\n\n\n\n<p>Ces directives, en mati\u00e8re d&rsquo;accessibilit\u00e9 web pour les personnes handicap\u00e9es, sont d\u00e9velopp\u00e9es par l&rsquo;Initiative pour <strong>l&rsquo;Accessibilit\u00e9 du Web (WAI)<\/strong> du Consortium W3C.<\/p>\n\n\n\n<p>Les caract\u00e9ristiques d&rsquo;un site accessible sont :<\/p>\n\n\n\n<ul class=\"wp-block-list\">\n<li>Transformable : Les informations et les services doivent \u00eatre accessibles \u00e0 tous et utilisables avec tous les dispositifs de navigation.<\/li>\n\n\n\n<li>Compr\u00e9hensible : Contenus clairs et simples.<\/li>\n\n\n\n<li>Navigable : M\u00e9canismes de navigation simples.<\/li>\n\n\n\n<li>Les Directives pour l&rsquo;Accessibilit\u00e9 du Contenu Web 2.0 se composent de 4 principes, 12 directives et 61 crit\u00e8res de succ\u00e8s :<\/li>\n<\/ul>\n\n\n\n<p>Principe 1 : <strong>Perceptibilit\u00e9<\/strong><br>Les informations et les composants de l&rsquo;interface utilisateur doivent \u00eatre pr\u00e9sent\u00e9s aux utilisateurs de mani\u00e8re qu&rsquo;ils puissent les percevoir. 4 directives et 22 crit\u00e8res de succ\u00e8s.<\/p>\n\n\n\n<p>Principe 2 : <strong>Op\u00e9rabilit\u00e9<\/strong><br>Les composants de l&rsquo;interface utilisateur et la navigation doivent \u00eatre op\u00e9rables. 4 directives et 20 crit\u00e8res de succ\u00e8s.<\/p>\n\n\n\n<p>Principe 3 : <strong>Compr\u00e9hensibilit\u00e9<\/strong><br>Les informations et l&rsquo;utilisation de l&rsquo;interface utilisateur doivent \u00eatre compr\u00e9hensibles. 3 directives et 17 crit\u00e8res de succ\u00e8s.<\/p>\n\n\n\n<p>Principe 4 : <strong>Robustesse<\/strong><br>Le contenu doit \u00eatre suffisamment robuste pour \u00eatre interpr\u00e9t\u00e9 de mani\u00e8re fiable par une grande vari\u00e9t\u00e9 d&rsquo;agents utilisateurs, y compris les technologies d&rsquo;assistance. 1 directive et 2 crit\u00e8res de succ\u00e8s.<\/p>\n<\/div><\/div>\n","protected":false},"excerpt":{"rendered":"<p>Directives d&rsquo;Accessibilit\u00e9 du Web Ce site web est conforme aux Directives pour l&rsquo;Accessibilit\u00e9 du Contenu Web 2.0 (WCAG 2.0) Ces directives, en mati\u00e8re d&rsquo;accessibilit\u00e9 web pour les personnes handicap\u00e9es, sont d\u00e9velopp\u00e9es par l&rsquo;Initiative pour l&rsquo;Accessibilit\u00e9 du Web (WAI) du Consortium W3C. Les caract\u00e9ristiques d&rsquo;un site accessible sont : Principe 1 : Perceptibilit\u00e9Les informations et les [&hellip;]<\/p>\n","protected":false},"author":2,"featured_media":0,"parent":0,"menu_order":0,"comment_status":"closed","ping_status":"closed","template":"","meta":{"_acf_changed":false,"_uag_custom_page_level_css":"","_genesis_hide_title":false,"_genesis_hide_breadcrumbs":false,"_genesis_hide_singular_image":false,"_genesis_hide_footer_widgets":false,"_genesis_custom_body_class":"","_genesis_custom_post_class":"","_genesis_layout":"","footnotes":""},"class_list":{"0":"post-778","1":"page","2":"type-page","3":"status-publish","5":"entry"},"acf":[],"uagb_featured_image_src":{"full":false,"thumbnail":false,"medium":false,"medium_large":false,"large":false,"1536x1536":false,"2048x2048":false,"gur_featured_image":false,"gur_blog_thumbnail":false,"gur_proyectos_thumbnail":false},"uagb_author_info":{"display_name":"Carlos Incaelum","author_link":"https:\/\/airambricolaje.com\/fr\/author\/cvaliente\/"},"uagb_comment_info":0,"uagb_excerpt":"Directives d&rsquo;Accessibilit\u00e9 du Web Ce site web est conforme aux Directives pour l&rsquo;Accessibilit\u00e9 du Contenu Web 2.0 (WCAG 2.0) Ces directives, en mati\u00e8re d&rsquo;accessibilit\u00e9 web pour les personnes handicap\u00e9es, sont d\u00e9velopp\u00e9es par l&rsquo;Initiative pour l&rsquo;Accessibilit\u00e9 du Web (WAI) du Consortium W3C. Les caract\u00e9ristiques d&rsquo;un site accessible sont : Principe 1 : Perceptibilit\u00e9Les informations et les\u2026","_links":{"self":[{"href":"https:\/\/airambricolaje.com\/fr\/wp-json\/wp\/v2\/pages\/778","targetHints":{"allow":["GET"]}}],"collection":[{"href":"https:\/\/airambricolaje.com\/fr\/wp-json\/wp\/v2\/pages"}],"about":[{"href":"https:\/\/airambricolaje.com\/fr\/wp-json\/wp\/v2\/types\/page"}],"author":[{"embeddable":true,"href":"https:\/\/airambricolaje.com\/fr\/wp-json\/wp\/v2\/users\/2"}],"replies":[{"embeddable":true,"href":"https:\/\/airambricolaje.com\/fr\/wp-json\/wp\/v2\/comments?post=778"}],"version-history":[{"count":2,"href":"https:\/\/airambricolaje.com\/fr\/wp-json\/wp\/v2\/pages\/778\/revisions"}],"predecessor-version":[{"id":1012,"href":"https:\/\/airambricolaje.com\/fr\/wp-json\/wp\/v2\/pages\/778\/revisions\/1012"}],"wp:attachment":[{"href":"https:\/\/airambricolaje.com\/fr\/wp-json\/wp\/v2\/media?parent=778"}],"curies":[{"name":"wp","href":"https:\/\/api.w.org\/{rel}","templated":true}]}}