{"id":784,"date":"2024-07-23T17:56:32","date_gmt":"2024-07-23T15:56:32","guid":{"rendered":"https:\/\/airambricolaje.com\/conocenos\/"},"modified":"2024-08-08T14:33:26","modified_gmt":"2024-08-08T12:33:26","slug":"nous-connaitre","status":"publish","type":"page","link":"https:\/\/airambricolaje.com\/fr\/nous-connaitre\/","title":{"rendered":"Nous conna\u00eetre"},"content":{"rendered":"<div class=\"block-wrapper block-wrapper-cfb corporate block-wrapper-header background-as-attr bg-norepeat\" data-image-src=\"https:\/\/airambricolaje.com\/wp-content\/uploads\/2024\/07\/manos-juntas-conocenos.jpg\"><div class=\"container\"><div class=\"block-in-wrapper\"><h1 class=\"block-title\">Votre partenaire strat\u00e9gique sur le march\u00e9 espagnol du bricolage<\/h1><\/div><\/div><\/div>\n\n\n<div class=\"wp-block-uagb-container contact uagb-block-d8f8b3ed alignfull uagb-is-root-container\"><div class=\"uagb-container-inner-blocks-wrap\">\n<h2 class=\"wp-block-heading block-title\">Nous facilitons l&rsquo;introduction et la gestion de vos produits dans les principales grandes surfaces de bricolage et de quincaillerie,<strong> on en parle ?<\/strong><\/h2>\n\n\n\n<div class=\"wp-block-uagb-container contact-content uagb-block-f337d5e6 alignfull uagb-is-root-container\"><div class=\"uagb-container-inner-blocks-wrap\">\n<div class=\"wp-block-uagb-container uagb-block-eed7bc45\">\n<ul>\n<li class=\"phone\">\n<a href=\"tel:+34650729075\"> <strong> +34 650 729 075 <\/strong> \n<\/a>\n<br>\n<a href=\"tel:+34876533220\"> <strong> +34 876 533 220 <\/strong>\n<\/a>\n<\/li>\n<p>Horaires : Lun &#8211; Ven 9:00 &#8211; 17:00<\/p>\n<li class=\"mail\">\n<a href=\"mailto:info@airambricolaje.com\"> info@airambricolaje.com <\/a>\n<\/li>\n<\/ul>\n\n\n\n<div class=\"wp-block-uagb-image alignleft uagb-block-8666fbb0 wp-block-uagb-image--layout-default wp-block-uagb-image--effect-static wp-block-uagb-image--align-left\"><figure class=\"wp-block-uagb-image__figure\"><img decoding=\"async\" srcset=\"https:\/\/airambricolaje.com\/wp-content\/uploads\/2024\/07\/logo-gris.png ,https:\/\/airambricolaje.com\/wp-content\/uploads\/2024\/07\/logo-gris.png 780w, https:\/\/airambricolaje.com\/wp-content\/uploads\/2024\/07\/logo-gris.png 360w\" sizes=\"auto, (max-width: 480px) 150px\" src=\"https:\/\/airambricolaje.com\/wp-content\/uploads\/2024\/07\/logo-gris.png\" alt=\"Logo Airam gris\" class=\"uag-image-300\" width=\"595\" height=\"595\" title=\"logo-gris\" loading=\"lazy\" role=\"img\"\/><\/figure><\/div>\n<\/div>\n\n\n\n<div class=\"wp-block-uagb-container uagb-block-a2104fe6\">\n<div class=\"wpcf7 no-js\" id=\"wpcf7-f737-o1\" lang=\"es-ES\" dir=\"ltr\" data-wpcf7-id=\"737\">\n<div class=\"screen-reader-response\"><p role=\"status\" aria-live=\"polite\" aria-atomic=\"true\"><\/p> <ul><\/ul><\/div>\n<form action=\"\/fr\/wp-json\/wp\/v2\/pages\/784#wpcf7-f737-o1\" method=\"post\" class=\"wpcf7-form init\" aria-label=\"Formulario de contacto\" novalidate=\"novalidate\" data-status=\"init\">\n<div style=\"display: none;\">\n<input type=\"hidden\" name=\"_wpcf7\" value=\"737\" \/>\n<input type=\"hidden\" name=\"_wpcf7_version\" value=\"6.0.6\" \/>\n<input type=\"hidden\" name=\"_wpcf7_locale\" value=\"es_ES\" \/>\n<input type=\"hidden\" name=\"_wpcf7_unit_tag\" value=\"wpcf7-f737-o1\" \/>\n<input type=\"hidden\" name=\"_wpcf7_container_post\" value=\"0\" \/>\n<input type=\"hidden\" name=\"_wpcf7_posted_data_hash\" value=\"\" \/>\n<input type=\"hidden\" name=\"_wpcf7_recaptcha_response\" value=\"\" \/>\n<\/div>\n<div class=\"cf7-wrapper\">\n<div class=\"wpcf7-response-output\" aria-hidden=\"true\"><\/div>\n\t<div class=\"form-group\">\n\t\t<p><label for=\"your-name\">Pr\u00e9nom Nom*<\/label><br \/>\n<span class=\"wpcf7-form-control-wrap\" data-name=\"your-name\"><input size=\"40\" maxlength=\"400\" class=\"wpcf7-form-control wpcf7-text wpcf7-validates-as-required\" id=\"your-name\" aria-required=\"true\" aria-invalid=\"false\" value=\"\" type=\"text\" name=\"your-name\" \/><\/span>\n\t\t<\/p>\n\t<\/div>\n\t<div class=\"form-group\">\n\t\t<p><label for=\"your-email\">Email*<\/label><br \/>\n<span class=\"wpcf7-form-control-wrap\" data-name=\"your-email\"><input size=\"40\" maxlength=\"400\" class=\"wpcf7-form-control wpcf7-email wpcf7-validates-as-required wpcf7-text wpcf7-validates-as-email\" id=\"your-email\" aria-required=\"true\" aria-invalid=\"false\" value=\"\" type=\"email\" name=\"your-email\" \/><\/span>\n\t\t<\/p>\n\t<\/div>\n\t<div class=\"form-group\">\n\t\t<p><label for=\"your-phone\">Num\u00e9ro de t\u00e9l\u00e9phone<\/label><br \/>\n<span class=\"wpcf7-form-control-wrap\" data-name=\"your-phone\"><input class=\"wpcf7-form-control wpcf7-number wpcf7-validates-as-number\" id=\"your-phone\" aria-invalid=\"false\" value=\"\" type=\"number\" name=\"your-phone\" \/><\/span>\n\t\t<\/p>\n\t<\/div>\n\t<div class=\"form-group\">\n\t\t<p><label for=\"your-name\">Entreprise*<\/label><br \/>\n<span class=\"wpcf7-form-control-wrap\" data-name=\"your-business\"><input size=\"40\" maxlength=\"400\" class=\"wpcf7-form-control wpcf7-text wpcf7-validates-as-required\" id=\"your-business\" aria-required=\"true\" aria-invalid=\"false\" value=\"\" type=\"text\" name=\"your-business\" \/><\/span>\n\t\t<\/p>\n\t<\/div>\n\t<div class=\"form-group\">\n\t\t<p><label for=\"your-message\">Comment pouvons-nous vous aider ?*<\/label><br \/>\n<span class=\"wpcf7-form-control-wrap\" data-name=\"your-message\"><textarea cols=\"40\" rows=\"10\" maxlength=\"2000\" class=\"wpcf7-form-control wpcf7-textarea wpcf7-validates-as-required\" id=\"your-message\" aria-required=\"true\" aria-invalid=\"false\" name=\"your-message\"><\/textarea><\/span>\n\t\t<\/p>\n\t<\/div>\n\t<div class=\"form-group\">\n\t\t<p><span class=\"wpcf7-form-control-wrap\" data-name=\"accept\"><span class=\"wpcf7-form-control wpcf7-acceptance\"><span class=\"wpcf7-list-item\"><label for=\"accept-policy-contact\"><input type=\"checkbox\" name=\"accept\" value=\"1\" id=\"accept-policy-contact\" aria-invalid=\"false\" \/><span class=\"wpcf7-list-item-label\">J'ai lu et j'accepte <a href=\"\/fr\/politique-confidentialite\/\" target=\"_blank\" title=\"La politique de confidentialit\u00e9\">la politique de confidentialit\u00e9*<\/a><\/span><\/label><\/span><\/span><\/span>\n\t\t<\/p>\n\t<\/div>\n\t<div class=\"form-group\">\n\t\t<p><input class=\"wpcf7-form-control wpcf7-submit has-spinner btn btn-primary\" type=\"submit\" value=\"Envoyer\" \/>\n\t\t<\/p>\n\t<\/div>\n<\/div>\n<\/form>\n<\/div>\n\n<\/div>\n<\/div><\/div>\n<\/div><\/div>\n\n\n<section class=\"block-wrapper block-wrapper-cfb corporate block-wrapper-image-content no-bg image-left\" data-image-src=\"\"><div class=\"container\"><div class=\"block-in-wrapper\"><div class=\"row justify-content-center g-0\"><div class=\"block-text-wrapper col-lg-6 col-md-12\"><h2 class=\"block-title\">Notre histoire<\/h2><div class=\"block-description\"><p>Nous sommes un groupe de professionnels du commerce ayant une exp\u00e9rience dans le secteur du bricolage, et en particulier dans les grandes surfaces, qui avons fond\u00e9 Airam avec un objectif clair : aider les fabricants de produits de bricolage \u00e0 entrer et prosp\u00e9rer sur le march\u00e9 espagnol comp\u00e9titif<\/p>\n<p>Au fil des ans, nous avons construit une solide r\u00e9putation gr\u00e2ce \u00e0 notre d\u00e9vouement, notre professionnalisme et notre engagement envers l&rsquo;excellence<\/p>\n<p>Depuis nos d\u00e9buts, nous avons travaill\u00e9 sans rel\u00e2che pour \u00e9tablir des relations de confiance avec les principales cha\u00eenes de magasins de bricolage<\/p>\n<\/div><\/div><div class=\"block-image-wrapper col-lg-6 col-md-12\"><img decoding=\"async\" src=\"https:\/\/airambricolaje.com\/wp-content\/uploads\/2024\/08\/equipo-comercial.jpg\" alt=\"Equipo comercial de tres personas conversando sobre lo que muestra el port\u00e1til\" class=\"img-fluid\" ><\/div><\/div><\/div><\/div><\/section>\n\n<section class=\"block-wrapper block-wrapper-cfb corporate block-wrapper-common-block-selector block-wrapper-mission-vision\"><div class=\"container\"><div class=\"block-in-wrapper\"><h2 class=\"block-title text-start text-md-center text-lg-center\">Engagement et avenir dans le march\u00e9 du bricolage<\/h2><div class=\"row\"><div class=\"col-12 col-lg-6 col-md-12\"><div class=\"block-mission-vision\"><div class=\"block-image\"><img loading=\"lazy\" decoding=\"async\" width=\"170\" height=\"170\" src=\"https:\/\/airambricolaje.com\/wp-content\/uploads\/2024\/08\/mision.png\" class=\"img-fluid\" alt=\"Papel con una diana con una flecha clavada en el centro\" srcset=\"https:\/\/airambricolaje.com\/wp-content\/uploads\/2024\/08\/mision.png 170w, https:\/\/airambricolaje.com\/wp-content\/uploads\/2024\/08\/mision-150x150.png 150w\" sizes=\"auto, (max-width: 170px) 100vw, 170px\" \/><\/div><div class=\"block-name\">Mission<\/div><div class=\"block-description\"><p>Notre mission est d&rsquo;agir en tant qu&rsquo;\u00e9quipe commerciale de nos clients, en fournissant un service complet.<\/p>\n<p>Nous nous effor\u00e7ons de garantir que les produits de nos clients non seulement entrent sur le march\u00e9 espagnol, mais aussi obtiennent une pr\u00e9sence remarquable et r\u00e9ussie.<\/p>\n<\/div><\/div><\/div><div class=\"col-12 col-lg-6 col-md-12\"><div class=\"block-mission-vision\"><div class=\"block-image\"><img loading=\"lazy\" decoding=\"async\" width=\"170\" height=\"170\" src=\"https:\/\/airambricolaje.com\/wp-content\/uploads\/2024\/08\/vision.png\" class=\"img-fluid\" alt=\"P\u00f3dium con un ojo\" srcset=\"https:\/\/airambricolaje.com\/wp-content\/uploads\/2024\/08\/vision.png 170w, https:\/\/airambricolaje.com\/wp-content\/uploads\/2024\/08\/vision-150x150.png 150w\" sizes=\"auto, (max-width: 170px) 100vw, 170px\" \/><\/div><div class=\"block-name\">Vision<\/div><div class=\"block-description\"><p>\u00catre le partenaire de r\u00e9f\u00e9rence pour les fabricants de produits de bricolage qui cherchent \u00e0 entrer ou \u00e0 se d\u00e9velopper en Espagne.<\/p>\n<p>Renforcer notre r\u00e9seau de contacts, am\u00e9liorer constamment nos services et adopter les derni\u00e8res innovations pour toujours offrir les meilleures solutions \u00e0 nos clients.<\/p>\n<\/div><\/div><\/div><\/div><\/div><\/div><\/section>\n\n<section class=\"block-wrapper block-wrapper-cfb corporate block-wrapper-image-content no-bg image-left shadow-right\" data-image-src=\"\"><div class=\"container\"><div class=\"block-in-wrapper\"><div class=\"row justify-content-center g-0\"><div class=\"block-text-wrapper col-lg-9 col-md-12\"><div class=\"block-description\"><ul>\n<li><strong>Agents commerciaux sp\u00e9cialis\u00e9s<\/strong> dans le secteur du bricolage et de la quincaillerie<\/li>\n<li><strong>R\u00e9seau de contacts vaste et solide<\/strong> assurant que les produits de nos clients aient acc\u00e8s aux points de vente les plus pertinents<\/li>\n<li><strong>Adaptabilit\u00e9 et flexibilit\u00e9<\/strong> offrant un service personnalis\u00e9 qui s&rsquo;adapte aux d\u00e9fis et aux opportunit\u00e9s du march\u00e9 espagnol<\/li>\n<li><strong>Augmentez votre chiffre d&rsquo;affaires<\/strong>, nous visitons vos clients et proposons des am\u00e9liorations \u00e0 vos rayons<\/li>\n<li><strong>Innovation et am\u00e9lioration continue<\/strong> cherchant des moyens d&rsquo;am\u00e9liorer et d&rsquo;optimiser nos services, en adoptant de nouvelles strat\u00e9gies et technologies pour rester \u00e0 la pointe du secteur du bricolage<\/li>\n<\/ul>\n<\/div><\/div><div class=\"block-image-wrapper col-lg-3 col-md-12\"><h3 class=\"block-title\">Valeurs<\/h3><img decoding=\"async\" src=\"https:\/\/airambricolaje.com\/wp-content\/uploads\/2024\/08\/valores.png\" alt=\"Listado con una banda con un tick de aprobaci\u00f3n\" class=\"img-fluid\" ><\/div><\/div><\/div><\/div><\/section>\n\n<section class=\"block-wrapper block-wrapper-cfb corporate block-wrapper-common-block-selector block-wrapper-companies\"><div class=\"container\"><div class=\"block-in-wrapper\"><h2 class=\"block-title text-lg-center\">D\u00e9couvrez les entreprises avec lesquelles nous travaillons d\u00e9j\u00e0<\/h2><div class=\"row\"><div class=\"col-6 col-lg-2 col-md-3 col-sm-6 block-company\"><a href=\"https:\/\/www.cqfd-international.com\/\" target=\"_blank\" title=\"CQFD\"><h3 class=\"block-title sr-only\">CQFD<\/h3><div class=\"block-image-wrapper\"><img decoding=\"async\" src=\"https:\/\/airambricolaje.com\/wp-content\/uploads\/2024\/08\/logo-CQFD.png\" alt=\"Firma CQFD\" class=\"img-fluid\" ><\/div><\/a><\/div><div class=\"col-6 col-lg-2 col-md-3 col-sm-6 block-company\"><a href=\"https:\/\/www.louismoulin.com\/\" target=\"_blank\" title=\"Louis Moulin\"><h3 class=\"block-title sr-only\">Louis Moulin<\/h3><div class=\"block-image-wrapper\"><\/div><\/a><\/div><div class=\"col-6 col-lg-2 col-md-3 col-sm-6 block-company\"><a href=\"https:\/\/www.schellenberg.es\/\" target=\"_blank\" title=\"Schellenberg\"><h3 class=\"block-title sr-only\">Schellenberg<\/h3><div class=\"block-image-wrapper\"><img decoding=\"async\" src=\"https:\/\/airambricolaje.com\/wp-content\/uploads\/2024\/08\/logo-schellenberg.png\" alt=\"Logo schellenberg\" class=\"img-fluid\" ><\/div><\/a><\/div><div class=\"col-6 col-lg-2 col-md-3 col-sm-6 block-company\"><a href=\"https:\/\/www.polimarkitalia.com\/\" target=\"_blank\" title=\"Polimark Italia\"><h3 class=\"block-title sr-only\">Polimark Italia<\/h3><div class=\"block-image-wrapper\"><img decoding=\"async\" src=\"https:\/\/airambricolaje.com\/wp-content\/uploads\/2024\/08\/logo-polimark.png\" alt=\"Logo Polimark\" class=\"img-fluid\" ><\/div><\/a><\/div><div class=\"col-6 col-lg-2 col-md-3 col-sm-6 block-company\"><a href=\"https:\/\/www.toscanagarden.it\/\" target=\"_blank\" title=\"Toscana Garden\"><h3 class=\"block-title sr-only\">Toscana Garden<\/h3><div class=\"block-image-wrapper\"><img decoding=\"async\" src=\"https:\/\/airambricolaje.com\/wp-content\/uploads\/2024\/08\/logo-toscana-garden.png\" alt=\"Logo Toscana Garden\" class=\"img-fluid\" ><\/div><\/a><\/div><div class=\"col-6 col-lg-2 col-md-3 col-sm-6 block-company\"><a href=\"https:\/\/brilliant-ag.com\/\" target=\"_blank\" title=\"Brilliant\"><h3 class=\"block-title sr-only\">Brilliant<\/h3><div class=\"block-image-wrapper\"><img decoding=\"async\" src=\"https:\/\/airambricolaje.com\/wp-content\/uploads\/2024\/08\/logo-brilliant-1.jpg\" alt=\"Logo Brilliant\" class=\"img-fluid\" ><\/div><\/a><\/div><div class=\"col-6 col-lg-2 col-md-3 col-sm-6 block-company\"><a href=\"https:\/\/www.kerkom360.com\/\" target=\"_blank\" title=\"Kerkom\"><h3 class=\"block-title sr-only\">Kerkom<\/h3><div class=\"block-image-wrapper\"><img decoding=\"async\" src=\"https:\/\/airambricolaje.com\/wp-content\/uploads\/2024\/08\/logo-kerkom.png\" alt=\"Logo Kerkom\" class=\"img-fluid\" ><\/div><\/a><\/div><div class=\"col-6 col-lg-2 col-md-3 col-sm-6 block-company\"><a href=\"https:\/\/www.plastiken.com\/\" target=\"_blank\" title=\"Plastiken\"><h3 class=\"block-title sr-only\">Plastiken<\/h3><div class=\"block-image-wrapper\"><img decoding=\"async\" src=\"https:\/\/airambricolaje.com\/wp-content\/uploads\/2024\/08\/logo-plastiken.png\" alt=\"Logo Plastiken\" class=\"img-fluid\" ><\/div><\/a><\/div><div class=\"col-6 col-lg-2 col-md-3 col-sm-6 block-company\"><a href=\"https:\/\/gebol.eu\/\" target=\"_blank\" title=\"Gebol\"><h3 class=\"block-title sr-only\">Gebol<\/h3><div class=\"block-image-wrapper\"><img decoding=\"async\" src=\"https:\/\/airambricolaje.com\/wp-content\/uploads\/2024\/08\/logo-gebol.png\" alt=\"Logo Gebol\" class=\"img-fluid\" ><\/div><\/a><\/div><\/div><\/div><\/div><\/section>","protected":false},"excerpt":{"rendered":"<p>Nous facilitons l&rsquo;introduction et la gestion de vos produits dans les principales grandes surfaces de bricolage et de quincaillerie, on en parle ? +34 650 729 075 +34 876 533 220 Horaires : Lun &#8211; Ven 9:00 &#8211; 17:00 info@airambricolaje.com<\/p>\n","protected":false},"author":2,"featured_media":0,"parent":0,"menu_order":0,"comment_status":"closed","ping_status":"closed","template":"","meta":{"_acf_changed":false,"_uag_custom_page_level_css":"","_genesis_hide_title":true,"_genesis_hide_breadcrumbs":false,"_genesis_hide_singular_image":false,"_genesis_hide_footer_widgets":false,"_genesis_custom_body_class":"","_genesis_custom_post_class":"","_genesis_layout":"","footnotes":""},"class_list":{"0":"post-784","1":"page","2":"type-page","3":"status-publish","5":"entry"},"acf":[],"uagb_featured_image_src":{"full":false,"thumbnail":false,"medium":false,"medium_large":false,"large":false,"1536x1536":false,"2048x2048":false,"gur_featured_image":false,"gur_blog_thumbnail":false,"gur_proyectos_thumbnail":false},"uagb_author_info":{"display_name":"Carlos Incaelum","author_link":"https:\/\/airambricolaje.com\/fr\/author\/cvaliente\/"},"uagb_comment_info":0,"uagb_excerpt":"Nous facilitons l&rsquo;introduction et la gestion de vos produits dans les principales grandes surfaces de bricolage et de quincaillerie, on en parle ? +34 650 729 075 +34 876 533 220 Horaires : Lun &#8211; Ven 9:00 &#8211; 17:00 info@airambricolaje.com","_links":{"self":[{"href":"https:\/\/airambricolaje.com\/fr\/wp-json\/wp\/v2\/pages\/784","targetHints":{"allow":["GET"]}}],"collection":[{"href":"https:\/\/airambricolaje.com\/fr\/wp-json\/wp\/v2\/pages"}],"about":[{"href":"https:\/\/airambricolaje.com\/fr\/wp-json\/wp\/v2\/types\/page"}],"author":[{"embeddable":true,"href":"https:\/\/airambricolaje.com\/fr\/wp-json\/wp\/v2\/users\/2"}],"replies":[{"embeddable":true,"href":"https:\/\/airambricolaje.com\/fr\/wp-json\/wp\/v2\/comments?post=784"}],"version-history":[{"count":6,"href":"https:\/\/airambricolaje.com\/fr\/wp-json\/wp\/v2\/pages\/784\/revisions"}],"predecessor-version":[{"id":990,"href":"https:\/\/airambricolaje.com\/fr\/wp-json\/wp\/v2\/pages\/784\/revisions\/990"}],"wp:attachment":[{"href":"https:\/\/airambricolaje.com\/fr\/wp-json\/wp\/v2\/media?parent=784"}],"curies":[{"name":"wp","href":"https:\/\/api.w.org\/{rel}","templated":true}]}}