{"id":796,"date":"2024-07-22T11:33:21","date_gmt":"2024-07-22T09:33:21","guid":{"rendered":"https:\/\/airambricolaje.com\/homepage\/"},"modified":"2025-04-16T09:54:46","modified_gmt":"2025-04-16T07:54:46","slug":"homepage","status":"publish","type":"page","link":"https:\/\/airambricolaje.com\/fr\/","title":{"rendered":"Airam Bricolage"},"content":{"rendered":"<div class=\"block-wrapper block-wrapper-cfb block-wrapper-header background-as-attr bg-norepeat\" data-image-src=\"https:\/\/airambricolaje.com\/wp-content\/uploads\/2024\/07\/red-personas.jpg\"><div class=\"container\"><div class=\"block-in-wrapper\"><h1 class=\"block-title\">Repr\u00e9sentant commercial en Espagne pour le secteur du bricolage<\/h1><div class=\"block-description\"><p>Votre propre \u00e9quipe commerciale avec plus de 20 ans d&rsquo;exp\u00e9rience en vente dans les grandes surfaces de bricolage et de quincaillerie<\/p>\n<\/div><div class=\"block-cta-wrapper\"><a class=\"btn btn-primary\" href=\"\/fr\/nous-connaitre\/\" title=\"Contactez-nous\">Contactez-nous<\/a><\/div><\/div><\/div><\/div>\n\n<section class=\"block-wrapper block-wrapper-cfb block-wrapper-values\"><div class=\"container\"><div class=\"block-in-wrapper\"><div class=\"row\"><div class=\"col-12 col-lg-4 col-md-12\"><div class=\"value-item\"><div class=\"block-image-wrapper\"><img decoding=\"async\" src=\"https:\/\/airambricolaje.com\/wp-content\/uploads\/2024\/08\/agentes-comerciales.svg\" alt=\"Dos avatares de personas\" class=\"img-fluid\" ><\/div><div class=\"block-text-wrapper\"><p class=\"block-title\">Agents commerciaux sp\u00e9cialis\u00e9s<\/p><div class=\"block-description\"><p>Ayez votre \u00e9quipe commerciale sur le terrain<\/p><\/div><\/div><\/div><\/div><div class=\"col-12 col-lg-4 col-md-12\"><div class=\"value-item\"><div class=\"block-image-wrapper\"><img decoding=\"async\" src=\"https:\/\/airambricolaje.com\/wp-content\/uploads\/2024\/08\/red-tres-avatares.svg\" alt=\"Red de tres avatares\" class=\"img-fluid\" ><\/div><div class=\"block-text-wrapper\"><p class=\"block-title\">R\u00e9seau commercial dans les grandes surfaces<\/p><div class=\"block-description\"><p>Avec gestion de plus de 300 points de vente<\/p><\/div><\/div><\/div><\/div><div class=\"col-12 col-lg-4 col-md-12\"><div class=\"value-item\"><div class=\"block-image-wrapper\"><img decoding=\"async\" src=\"https:\/\/airambricolaje.com\/wp-content\/uploads\/2024\/08\/flecha-arriba-grafico.svg\" alt=\"Flecha apuntando hacia arriba sobre un gr\u00e1fico\" class=\"img-fluid\" ><\/div><div class=\"block-text-wrapper\"><p class=\"block-title\">Augmentez votre chiffre d&rsquo;affaires<\/p><div class=\"block-description\"><p>Nous visitons vos clients et proposons des am\u00e9liorations \u00e0 vos rayons<\/p><\/div><\/div><\/div><\/div><\/div><\/div><\/div><\/section>\n\n<section class=\"block-wrapper block-wrapper-cfb corporate block-wrapper-image-content no-bg image-left\" data-image-src=\"\"><div class=\"container\"><div class=\"block-in-wrapper\"><div class=\"row justify-content-center g-0\"><div class=\"block-text-wrapper col-lg-6 col-md-12\"><h2 class=\"block-title\">Exp\u00e9rience et sp\u00e9cialisation<\/h2><div class=\"block-description\"><p>Avec plus de 20 ans sur le march\u00e9, nos agents commerciaux et notre \u00e9quipe de vente ont une compr\u00e9hension approfondie du march\u00e9 espagnol du bricolage.<\/p>\n<p>Gr\u00e2ce \u00e0 nos nombreux contacts dans le secteur, nous pouvons offrir \u00e0 nos clients un acc\u00e8s privil\u00e9gi\u00e9 \u00e0 plus de 300 points de vente dans toute l&rsquo;Espagne.<\/p>\n<p>Notre \u00e9quipe sur le terrain travaille pour s&rsquo;assurer que vos produits sont bien repr\u00e9sent\u00e9s et g\u00e9r\u00e9s dans chaque magasin.<\/p>\n<\/div><\/div><div class=\"block-image-wrapper col-lg-6 col-md-12\"><img decoding=\"async\" src=\"https:\/\/airambricolaje.com\/wp-content\/uploads\/2024\/07\/experiencia-especializacion.jpg\" alt=\"Grupo de personas reunido con papeles de gr\u00e1ficas sobre la mesa y caf\u00e9s\" class=\"img-fluid\" ><\/div><\/div><\/div><\/div><\/section>\n\n<section class=\"block-wrapper block-wrapper-cfb corporate block-wrapper-processes\"><div class=\"container\"><div class=\"block-in-wrapper\"><h2 class=\"block-title text-start text-md-center text-lg-center\">Comment nous introduisons commercialement vos produits de bricolage en Espagne<\/h2><div class=\"row\"><div class=\"col-12 col-lg-6 col-md-12\"><div class=\"value-item\"><div class=\"block-image-wrapper\"><img decoding=\"async\" src=\"https:\/\/airambricolaje.com\/wp-content\/uploads\/2024\/07\/representacion-comercial-manos-estrechas.jpg\" alt=\"Manos estrech\u00e1ndose indicando un trato comercial\" class=\"img-fluid\" ><\/div><div class=\"block-text-wrapper\"><h3 class=\"block-title\">Repr\u00e9sentation commerciale<\/h3><\/div><\/div><\/div><div class=\"col-12 col-lg-6 col-md-12\"><div class=\"value-item\"><div class=\"block-image-wrapper\"><img decoding=\"async\" src=\"https:\/\/airambricolaje.com\/wp-content\/uploads\/2024\/07\/puntos-venta-almacen.jpg\" alt=\"Almac\u00e9n de material\" class=\"img-fluid\" ><\/div><div class=\"block-text-wrapper\"><h3 class=\"block-title\">Gestion des points de vente<\/h3><\/div><\/div><\/div><\/div><div class=\"block-cta-wrapper text-center text-md-center text-lg-center\"><a class=\"btn btn-secondary\" href=\"\/fr\/representation-commerciale\/\" title=\"D\u00e9couvrez le processus\">D\u00e9couvrez le processus<\/a><\/div><\/div><\/div><\/section>\n\n<section class=\"block-wrapper block-wrapper-cfb corporate block-wrapper-common-block-selector background-as-attr block-wrapper-clients\" data-image-src=\"https:\/\/airambricolaje.com\/wp-content\/uploads\/2024\/07\/vender-productos.jpg\"><div class=\"container\"><div class=\"block-in-wrapper\"><h2 class=\"block-title text-center text-md-center text-lg-center\">Pr\u00eat \u00e0 vendre vos produits de bricolage en Espagne?<\/h2><div class=\"row\"><div class=\"col-6 col-lg-3 col-md-6 col-sm-6 block-company\"><div class=\"block-image-wrapper\"><img decoding=\"async\" src=\"https:\/\/airambricolaje.com\/wp-content\/uploads\/2024\/08\/logo-leroy-merlin-cuadrado.png\" alt=\"Logo Leroy Merl\u00edn\" class=\"img-fluid\" ><\/div><h3 class=\"block-title\">Leroy Merl\u00edn<\/h3><\/div><div class=\"col-6 col-lg-3 col-md-6 col-sm-6 block-company\"><div class=\"block-image-wrapper\"><img decoding=\"async\" src=\"https:\/\/airambricolaje.com\/wp-content\/uploads\/2024\/08\/logo-brico-depot-cuadrado.png\" alt=\"Logo Bricodepot\" class=\"img-fluid\" ><\/div><h3 class=\"block-title\">Bricodepot<\/h3><\/div><div class=\"col-6 col-lg-3 col-md-6 col-sm-6 block-company\"><div class=\"block-image-wrapper\"><img decoding=\"async\" src=\"https:\/\/airambricolaje.com\/wp-content\/uploads\/2024\/08\/logo-bauhaus-cuadrado.png\" alt=\"Logo Bauhaus\" class=\"img-fluid\" ><\/div><h3 class=\"block-title\">Bauhaus<\/h3><\/div><div class=\"col-6 col-lg-3 col-md-6 col-sm-6 block-company\"><div class=\"block-image-wrapper\"><img decoding=\"async\" src=\"https:\/\/airambricolaje.com\/wp-content\/uploads\/2024\/08\/logo-obramat-cuadrado.png\" alt=\"Logo Obramat\" class=\"img-fluid\" ><\/div><h3 class=\"block-title\">Obramat<\/h3><\/div><\/div><div class=\"block-cta-wrapper text-center text-md-center text-lg-center\"><a class=\"btn btn-primary\" href=\"\/fr\/nous-connaitre\/\" title=\"Parlons maintenant\">Parlons maintenant<\/a><\/div><\/div><\/div><\/section>\n\n<section class=\"block-wrapper block-wrapper-cfb corporate block-wrapper-projects\"><div class=\"container\"><div class=\"block-in-wrapper\"><h2 class=\"block-title text-start text-md-start text-lg-start\">Comment nous mettons en \u0153uvre vos produits de bricolage dans les points de vente<\/h2><div class=\"row\"><div class=\"col-lg-6 order-1 order-lg-0 order-md-1\"><div class=\"block-slider-wrapper\"><div class=\"item\"><div class=\"image-wrapper\"><a href=\"https:\/\/airambricolaje.com\/wp-content\/uploads\/2024\/08\/campana-verano-mosquiteras-Schellenberg-05.jpg\" title=\"Campa\u00f1a de verano mosquiteras Schellenberg\" data-lightbox=\"69fc8baacd141\"><img decoding=\"async\" src=\"https:\/\/airambricolaje.com\/wp-content\/uploads\/2024\/08\/campana-verano-mosquiteras-Schellenberg-05.jpg\" alt=\"Campa\u00f1a de verano mosquiteras Schellenberg\" class=\"img-fluid\" ><\/a><\/div><\/div><div class=\"item\"><div class=\"image-wrapper\"><a href=\"https:\/\/airambricolaje.com\/wp-content\/uploads\/2024\/08\/campana-verano-mosquiteras-Schellenberg-06.jpg\" title=\"Campa\u00f1a de verano mosquiteras Schellenberg\" data-lightbox=\"69fc8baacd141\"><img decoding=\"async\" src=\"https:\/\/airambricolaje.com\/wp-content\/uploads\/2024\/08\/campana-verano-mosquiteras-Schellenberg-06.jpg\" alt=\"Campa\u00f1a de verano mosquiteras Schellenberg\" class=\"img-fluid\" ><\/a><\/div><\/div><div class=\"item\"><div class=\"image-wrapper\"><a href=\"https:\/\/airambricolaje.com\/wp-content\/uploads\/2024\/08\/campana-verano-mosquiteras-Schellenberg-07.jpg\" title=\"Campa\u00f1a de verano mosquiteras Schellenberg\" data-lightbox=\"69fc8baacd141\"><img decoding=\"async\" src=\"https:\/\/airambricolaje.com\/wp-content\/uploads\/2024\/08\/campana-verano-mosquiteras-Schellenberg-07.jpg\" alt=\"Campa\u00f1a de verano mosquiteras Schellenberg\" class=\"img-fluid\" ><\/a><\/div><\/div><div class=\"item\"><div class=\"image-wrapper\"><a href=\"https:\/\/airambricolaje.com\/wp-content\/uploads\/2024\/08\/campana-verano-mosquiteras-Schellenberg-01.jpg\" title=\"Campa\u00f1a de verano mosquiteras Schellenberg\" data-lightbox=\"69fc8baacd141\"><img decoding=\"async\" src=\"https:\/\/airambricolaje.com\/wp-content\/uploads\/2024\/08\/campana-verano-mosquiteras-Schellenberg-01.jpg\" alt=\"Campa\u00f1a de verano mosquiteras Schellenberg\" class=\"img-fluid\" ><\/a><\/div><\/div><div class=\"item\"><div class=\"image-wrapper\"><a href=\"https:\/\/airambricolaje.com\/wp-content\/uploads\/2024\/08\/campana-verano-mosquiteras-Schellenberg-02.jpg\" title=\"Campa\u00f1a de verano mosquiteras Schellenberg\" data-lightbox=\"69fc8baacd141\"><img decoding=\"async\" src=\"https:\/\/airambricolaje.com\/wp-content\/uploads\/2024\/08\/campana-verano-mosquiteras-Schellenberg-02.jpg\" alt=\"Campa\u00f1a de verano mosquiteras Schellenberg\" class=\"img-fluid\" ><\/a><\/div><\/div><div class=\"item\"><div class=\"image-wrapper\"><a href=\"https:\/\/airambricolaje.com\/wp-content\/uploads\/2024\/08\/campana-verano-mosquiteras-Schellenberg-03.jpg\" title=\"Campa\u00f1a de verano mosquiteras Schellenberg\" data-lightbox=\"69fc8baacd141\"><img decoding=\"async\" src=\"https:\/\/airambricolaje.com\/wp-content\/uploads\/2024\/08\/campana-verano-mosquiteras-Schellenberg-03.jpg\" alt=\"Campa\u00f1a de verano mosquiteras Schellenberg\" class=\"img-fluid\" ><\/a><\/div><\/div><div class=\"item\"><div class=\"image-wrapper\"><a href=\"https:\/\/airambricolaje.com\/wp-content\/uploads\/2024\/08\/campana-verano-mosquiteras-Schellenberg-04.jpg\" title=\"Campa\u00f1a de verano mosquiteras Schellenberg\" data-lightbox=\"69fc8baacd141\"><img decoding=\"async\" src=\"https:\/\/airambricolaje.com\/wp-content\/uploads\/2024\/08\/campana-verano-mosquiteras-Schellenberg-04.jpg\" alt=\"Campa\u00f1a de verano mosquiteras Schellenberg\" class=\"img-fluid\" ><\/a><\/div><\/div><\/div><\/div><div class=\"col-lg-6 order-0 order-lg-1 order-md-0\"><div class=\"block-text-wrapper\"><div class=\"block-description\"><p>Campagne moustiquaire d&rsquo;\u00e9t\u00e9 de la marque Schellenberg chez Bauhaus et Leroy Merlin<\/p>\n<\/div><img decoding=\"async\" src=\"https:\/\/airambricolaje.com\/wp-content\/uploads\/2024\/08\/logo-schellenberg-1.png\" alt=\"Logo Schellenberg\" class=\"img-fluid\" ><\/div><\/div><\/div><div class=\"block-cta-wrapper text-center\"><a href=\"\/fr\/projets\/\" class=\"btn btn-secondary\" title=\"Voir tous les projets\">Voir tous les projets<\/a><\/div><\/div><\/div><\/section>","protected":false},"excerpt":{"rendered":"","protected":false},"author":1,"featured_media":92,"parent":0,"menu_order":0,"comment_status":"closed","ping_status":"closed","template":"","meta":{"_acf_changed":false,"_uag_custom_page_level_css":"","_genesis_hide_title":true,"_genesis_hide_breadcrumbs":false,"_genesis_hide_singular_image":false,"_genesis_hide_footer_widgets":false,"_genesis_custom_body_class":"","_genesis_custom_post_class":"","_genesis_layout":"","footnotes":""},"class_list":{"0":"post-796","1":"page","2":"type-page","3":"status-publish","4":"has-post-thumbnail","6":"entry"},"acf":[],"uagb_featured_image_src":{"full":["https:\/\/airambricolaje.com\/wp-content\/uploads\/2024\/07\/logo-airam.png",120,120,false],"thumbnail":["https:\/\/airambricolaje.com\/wp-content\/uploads\/2024\/07\/logo-airam.png",120,120,false],"medium":["https:\/\/airambricolaje.com\/wp-content\/uploads\/2024\/07\/logo-airam.png",120,120,false],"medium_large":["https:\/\/airambricolaje.com\/wp-content\/uploads\/2024\/07\/logo-airam.png",120,120,false],"large":["https:\/\/airambricolaje.com\/wp-content\/uploads\/2024\/07\/logo-airam.png",120,120,false],"1536x1536":["https:\/\/airambricolaje.com\/wp-content\/uploads\/2024\/07\/logo-airam.png",120,120,false],"2048x2048":["https:\/\/airambricolaje.com\/wp-content\/uploads\/2024\/07\/logo-airam.png",120,120,false],"gur_featured_image":["https:\/\/airambricolaje.com\/wp-content\/uploads\/2024\/07\/logo-airam.png",120,120,false],"gur_blog_thumbnail":["https:\/\/airambricolaje.com\/wp-content\/uploads\/2024\/07\/logo-airam.png",120,120,false],"gur_proyectos_thumbnail":["https:\/\/airambricolaje.com\/wp-content\/uploads\/2024\/07\/logo-airam.png",120,120,false]},"uagb_author_info":{"display_name":"Incaelum","author_link":"https:\/\/airambricolaje.com\/fr\/author\/incaelum\/"},"uagb_comment_info":0,"uagb_excerpt":null,"_links":{"self":[{"href":"https:\/\/airambricolaje.com\/fr\/wp-json\/wp\/v2\/pages\/796","targetHints":{"allow":["GET"]}}],"collection":[{"href":"https:\/\/airambricolaje.com\/fr\/wp-json\/wp\/v2\/pages"}],"about":[{"href":"https:\/\/airambricolaje.com\/fr\/wp-json\/wp\/v2\/types\/page"}],"author":[{"embeddable":true,"href":"https:\/\/airambricolaje.com\/fr\/wp-json\/wp\/v2\/users\/1"}],"replies":[{"embeddable":true,"href":"https:\/\/airambricolaje.com\/fr\/wp-json\/wp\/v2\/comments?post=796"}],"version-history":[{"count":10,"href":"https:\/\/airambricolaje.com\/fr\/wp-json\/wp\/v2\/pages\/796\/revisions"}],"predecessor-version":[{"id":1056,"href":"https:\/\/airambricolaje.com\/fr\/wp-json\/wp\/v2\/pages\/796\/revisions\/1056"}],"wp:featuredmedia":[{"embeddable":true,"href":"https:\/\/airambricolaje.com\/fr\/wp-json\/wp\/v2\/media\/92"}],"wp:attachment":[{"href":"https:\/\/airambricolaje.com\/fr\/wp-json\/wp\/v2\/media?parent=796"}],"curies":[{"name":"wp","href":"https:\/\/api.w.org\/{rel}","templated":true}]}}